{"id":693,"date":"2018-07-26T06:32:51","date_gmt":"2018-07-26T06:32:51","guid":{"rendered":"http:\/\/glasswerk.ro\/?page_id=693"},"modified":"2018-11-27T18:34:18","modified_gmt":"2018-11-27T18:34:18","slug":"noi","status":"publish","type":"page","link":"https:\/\/glasswerk.ro\/index.php\/noi\/","title":{"rendered":"Despre Noi"},"content":{"rendered":"<div id=\"pl-693\"  class=\"panel-layout\" ><div id=\"pg-693-0\"  class=\"panel-grid panel-no-style\" ><div id=\"pgc-693-0-0\"  class=\"panel-grid-cell\" ><div id=\"panel-693-0-0-0\" class=\"so-panel widget widget_media_image panel-first-child panel-last-child\" data-index=\"0\" ><img width=\"300\" height=\"225\" src=\"https:\/\/glasswerk.ro\/wp-content\/uploads\/2018\/07\/cladire_2-300x225.jpg\" class=\"image wp-image-716  attachment-medium size-medium\" alt=\"\" decoding=\"async\" loading=\"lazy\" style=\"max-width: 100%; height: auto;\" srcset=\"https:\/\/glasswerk.ro\/wp-content\/uploads\/2018\/07\/cladire_2-300x225.jpg 300w, https:\/\/glasswerk.ro\/wp-content\/uploads\/2018\/07\/cladire_2-768x576.jpg 768w, https:\/\/glasswerk.ro\/wp-content\/uploads\/2018\/07\/cladire_2-1024x768.jpg 1024w, https:\/\/glasswerk.ro\/wp-content\/uploads\/2018\/07\/cladire_2.jpg 1276w\" sizes=\"(max-width: 300px) 100vw, 300px\" \/><\/div><\/div><div id=\"pgc-693-0-1\"  class=\"panel-grid-cell\" ><div id=\"panel-693-0-1-0\" class=\"so-panel widget widget_text panel-first-child panel-last-child\" data-index=\"1\" >\t\t\t<div class=\"textwidget\"><h3>Povestea\u00a0<strong>Glasswerk Conctruct<\/strong>\u00a0a inceput in 2015 din dorinta de a aduce pe piata sticlei din Romania o alta abordare a relatiilor Companie \u2013 Client, ridicarea standardelor de calitate a produselor si respectarea termenelor de productie si montaj. De-a lungul timpului am \u00eenv\u0103\u021bat c\u0103 cel mai important este s\u0103 ne ascult\u0103m clien\u021bii. Doar a\u0219a am putut evolua. Investim \u00een tehnologie \u0219i, cel mai important, \u00een oameni.<\/h3>\n<h3>Punct de lucru <strong>Glasswerk Construct<\/strong> este situat \u00een cl\u0103direa UTIGLASS (Nojorid, 477\/A)<\/h3>\n<\/div>\n\t\t<\/div><\/div><\/div><div id=\"pg-693-1\"  class=\"panel-grid panel-no-style\" ><div id=\"pgc-693-1-0\"  class=\"panel-grid-cell\" ><div id=\"panel-693-1-0-0\" class=\"so-panel widget widget_text panel-first-child panel-last-child\" data-index=\"2\" >\t\t\t<div class=\"textwidget\"><blockquote>\n<h3><span style=\"color: #ffffff;\">Alegem cei mai buni furnizori, care pot livra conform standardelor noastre. Cat despre materia prima, lucram numai cu\u00a0sticla de cea mai buna calitate\u00a0de la producatori precum:<\/span><\/h2>\n<h3><span style=\"color: #ffffff;\"> GUARDIAN, SAINT GOBAIN, AGC<\/span><\/h3>\n<\/blockquote>\n<h3>Initial,\u00a0<strong>Glasswerk Construct<\/strong>\u00a0se adresa in special proiectelor de amenajari interioare, productia realizata fiind destinata in proportie de 90% proiectelor proprii de montaj. Pentru a putea mentine un standard inalt de calitate al produselor am realizat ca acest lucru implica investitii in utilaje. Asadar nu am facut rabat la calitate si ne-am orientat catre achizitia de utilaje noi si performante, de la furnizori europeni de renume. In acest fel, am ajuns sa crestem capacitatea de productie in permanenta. Mai mult, capacitatea noastra de taiere s-a triplat, ajungand la performanta de a prelua comenzi de la alte firme montatoare si sa le executam intr-un termen mai scurt decat alte firme procesatoare de pe piata.<\/h3>\n<blockquote>\n<h3><span style=\"color: #ffffff;\">Pe l\u00e2ng\u0103 gama variat\u0103 de produse, oferim servicii complete de la ofertare p\u00e2n\u0103 la montaj. Ne dedic\u0103m fiec\u0103rui lucru p\u00e2n\u0103 \u00eel ducem la bun sf\u00e2r\u0219it.<\/span><\/h3>\n<\/blockquote>\n<h3>Glasswerk \u00eenseamn\u0103 dezvoltare continu\u0103 pentru a oferi produse \u0219i servicii de cea mai bun\u0103 calitate. Respect\u0103m toate normele \u0219i procedurile pentru ca ceea ce livr\u0103m clien\u021bilor no\u0219tri s\u0103 fie perfect p\u00e2n\u0103 la ultimul detaliu.<\/h3>\n<\/div>\n\t\t<\/div><\/div><\/div><\/div><h3>Related Images:<\/h3>","protected":false},"excerpt":{"rendered":"<p>Povestea\u00a0Glasswerk Conctruct\u00a0a inceput in 2015 din dorinta de a aduce pe piata sticlei din Romania o alta abordare a relatiilor Companie \u2013 Client, ridicarea standardelor de calitate a produselor si respectarea termenelor de productie si montaj. De-a lungul timpului am \u00eenv\u0103\u021bat c\u0103 cel mai important este s\u0103 ne ascult\u0103m clien\u021bii&#8230;.<\/p>\n","protected":false},"author":1,"featured_media":0,"parent":0,"menu_order":2,"comment_status":"closed","ping_status":"closed","template":"","meta":{"ngg_post_thumbnail":0},"_links":{"self":[{"href":"https:\/\/glasswerk.ro\/index.php\/wp-json\/wp\/v2\/pages\/693"}],"collection":[{"href":"https:\/\/glasswerk.ro\/index.php\/wp-json\/wp\/v2\/pages"}],"about":[{"href":"https:\/\/glasswerk.ro\/index.php\/wp-json\/wp\/v2\/types\/page"}],"author":[{"embeddable":true,"href":"https:\/\/glasswerk.ro\/index.php\/wp-json\/wp\/v2\/users\/1"}],"replies":[{"embeddable":true,"href":"https:\/\/glasswerk.ro\/index.php\/wp-json\/wp\/v2\/comments?post=693"}],"version-history":[{"count":44,"href":"https:\/\/glasswerk.ro\/index.php\/wp-json\/wp\/v2\/pages\/693\/revisions"}],"predecessor-version":[{"id":1670,"href":"https:\/\/glasswerk.ro\/index.php\/wp-json\/wp\/v2\/pages\/693\/revisions\/1670"}],"wp:attachment":[{"href":"https:\/\/glasswerk.ro\/index.php\/wp-json\/wp\/v2\/media?parent=693"}],"curies":[{"name":"wp","href":"https:\/\/api.w.org\/{rel}","templated":true}]}}