{"id":661,"date":"2018-07-23T08:31:37","date_gmt":"2018-07-23T08:31:37","guid":{"rendered":"http:\/\/glasswerk.ro\/index.php\/servicii\/prelucrarea-sticlei\/gaurire-sticla\/"},"modified":"2018-11-22T12:50:55","modified_gmt":"2018-11-22T12:50:55","slug":"gaurire-sticla","status":"publish","type":"page","link":"https:\/\/glasswerk.ro\/index.php\/servicii\/prelucrarea-sticlei\/gaurire-sticla\/","title":{"rendered":"G\u0103urire Sticl\u0103 &#8211; Oglind\u0103"},"content":{"rendered":"<div id=\"pl-661\"  class=\"panel-layout\" ><div id=\"pg-661-0\"  class=\"panel-grid panel-no-style\" ><div id=\"pgc-661-0-0\"  class=\"panel-grid-cell\" ><div id=\"panel-661-0-0-0\" class=\"so-panel widget widget_text panel-first-child panel-last-child\" data-index=\"0\" >\t\t\t<div class=\"textwidget\"><h2><strong>Dup\u0103 t\u0103ierea \u0219i \u0219lefuirea sticlei dac\u0103 este nevoie se realizeaz\u0103 g\u0103urirea sticlei<\/strong><\/h2>\n<h3>G\u0103urile \u0219i decupajele \u00een panourile de sticl\u0103 de obicei se face pentru balamale \u0219i m\u00e2nere, la u\u015file din sticl\u0103 sau pentru prindere pe diverse suporturi de fixare.<\/h3>\n<h3><strong>Glasswerk Construct<\/strong> realizeaz\u0103 g\u0103urirea pentru sticl\u0103 folosind utilaje coordonate prin comand\u0103 numeric\u0103 astfel \u00eenc\u00e2t s\u0103 ob\u021binem abateri c\u00e2t mai mici. De obicei ma\u0219inile care sunt destinate la g\u0103urirea sticlei de diferite diametre utilizeaz\u0103 foreze abrazive, av\u00e2nd drept agent de r\u0103cire apa. Toate utilajele de g\u0103urire folosesc tehnologia Head-To-Head ( practic g\u0103urirea se face cu 2 foreze, dispuse cap-\u00een-cap \u2013 una ce ac\u021bioneaz\u0103 de sub sticl\u0103, iar cealalt\u0103 de deasupra sticlei ). La cere \u0219i dup\u0103 func\u021bie g\u0103urile se zencuiesc, \u00eenl\u0103tur\u00e2ndu-se astfel toate tensiunile ce apar \u00een jurul g\u0103urii. Sunt diminuate considerabil prin aceast\u0103 procedur\u0103 riscurile de spargere a sticlei de-a lungul timpului.<\/h3>\n<\/div>\n\t\t<\/div><\/div><div id=\"pgc-661-0-1\"  class=\"panel-grid-cell\" ><div id=\"panel-661-0-1-0\" class=\"so-panel widget widget_media_video panel-first-child panel-last-child\" data-index=\"1\" ><div style=\"width:100%;\" class=\"wp-video\"><!--[if lt IE 9]><script>document.createElement('video');<\/script><![endif]-->\n<video class=\"wp-video-shortcode\" id=\"video-661-1\" preload=\"metadata\" controls=\"controls\"><source type=\"video\/mp4\" src=\"https:\/\/glasswerk.ro\/wp-content\/uploads\/2018\/11\/Gaurire_sticla.mp4?_=1\" \/><source type=\"video\/mp4\" src=\"https:\/\/glasswerk.ro\/wp-content\/uploads\/2018\/11\/Gaurire_sticla.mp4?_=1\" \/><a href=\"https:\/\/glasswerk.ro\/wp-content\/uploads\/2018\/11\/Gaurire_sticla.mp4\">https:\/\/glasswerk.ro\/wp-content\/uploads\/2018\/11\/Gaurire_sticla.mp4<\/a><\/video><\/div><\/div><\/div><\/div><div id=\"pg-661-1\"  class=\"panel-grid panel-no-style\" ><div id=\"pgc-661-1-0\"  class=\"panel-grid-cell\" ><div id=\"panel-661-1-0-0\" class=\"so-panel widget widget_media_image panel-first-child panel-last-child\" data-index=\"2\" ><img width=\"866\" height=\"222\" src=\"https:\/\/glasswerk.ro\/wp-content\/uploads\/2018\/11\/zencuire-sticla.jpg\" class=\"image wp-image-1434  attachment-full size-full\" alt=\"\" decoding=\"async\" loading=\"lazy\" style=\"max-width: 100%; height: auto;\" srcset=\"https:\/\/glasswerk.ro\/wp-content\/uploads\/2018\/11\/zencuire-sticla.jpg 866w, https:\/\/glasswerk.ro\/wp-content\/uploads\/2018\/11\/zencuire-sticla-300x77.jpg 300w, https:\/\/glasswerk.ro\/wp-content\/uploads\/2018\/11\/zencuire-sticla-768x197.jpg 768w\" sizes=\"(max-width: 866px) 100vw, 866px\" \/><\/div><\/div><div id=\"pgc-661-1-1\"  class=\"panel-grid-cell\" ><div id=\"panel-661-1-1-0\" class=\"so-panel widget widget_text panel-first-child panel-last-child\" data-index=\"3\" >\t\t\t<div class=\"textwidget\"><ol>\n<li>Gaur\u0103 zencuit ad\u00e2nc se folose\u0219te \u00een general pentru introducerea pieselor metalice de fixare \u00een sticl\u0103, astfel \u00eenc\u00e2t capacul piesei s\u0103 fie la la fa\u021ba sticlei.<\/li>\n<li>Gaur\u0103 zencuit normal. Zencuirea reduce riscul de spargere a sticlei prin \u00eenl\u0103turarea tensiunilor ce apar \u00een jurul g\u0103urilor. \u00cen cazul sticlei securizate zencuirea g\u0103urilor este indicat\u0103.<\/li>\n<li>Gaur\u0103 f\u0103r\u0103 zencuire scade costul \/ gaur\u0103 dar marele dezavantaj este c\u0103 eliminarea acestei prelucr\u0103ri cre\u0219te riscul de spargere a sticlei cu peste 20%.<\/li>\n<\/ol>\n<\/div>\n\t\t<\/div><\/div><\/div><div id=\"pg-661-2\"  class=\"panel-grid panel-no-style\" ><div id=\"pgc-661-2-0\"  class=\"panel-grid-cell\" ><div id=\"panel-661-2-0-0\" class=\"so-panel widget widget_text panel-first-child panel-last-child\" data-index=\"4\" >\t\t\t<div class=\"textwidget\"><h2><strong>Ma\u015fina de g\u0103urit:<\/strong><\/h2>\n<h3>Schiatti Angelo FPD60 este o ma\u015fin\u0103 vertical\u0103 semiautomat\u0103, destinat\u0103 execu\u0163iei g\u0103urilor de diferite diametre \u00een panourile de sticl\u0103, utiliz\u00e2nd foreze abrazive opozabile, av\u00e2nd agent de r\u0103cire &#8211; apa. Grosimi de sticl\u0103 prelucrabile: 2 &#8211; 28 mm \u2022 Diametrul g\u0103urii: \u00d83- \u00d8200 mm<\/h3>\n<\/div>\n\t\t<\/div><\/div><div id=\"pgc-661-2-1\"  class=\"panel-grid-cell\" ><div id=\"panel-661-2-1-0\" class=\"so-panel widget widget_text panel-first-child panel-last-child\" data-index=\"5\" >\t\t\t<div class=\"textwidget\"><h2><strong>Decuparea\u00a0\u0219i prelucrarea panourilor de sticl\u0103:<\/strong><\/h2>\n<h3>Ma\u015fina CNC \u2013 LOV 830\/30 este un echipament tehnic de lucru de \u00eenalt\u0103 performan\u0163\u0103, destinat prelucr\u0103rii tuturor tipurilor de sticl\u0103, cu grosimea cuprins\u0103 \u00eentre 3 \u015fi 50 mm \u015fi dimensiuni maxime de 1600&#215;3000 mm.<\/h3>\n<\/div>\n\t\t<\/div><\/div><\/div><\/div><h3>Related Images:<\/h3>","protected":false},"excerpt":{"rendered":"<p>Dup\u0103 t\u0103ierea \u0219i \u0219lefuirea sticlei dac\u0103 este nevoie se realizeaz\u0103 g\u0103urirea sticlei G\u0103urile \u0219i decupajele \u00een panourile de sticl\u0103 de obicei se face pentru balamale \u0219i m\u00e2nere, la u\u015file din sticl\u0103 sau pentru prindere pe diverse suporturi de fixare. Glasswerk Construct realizeaz\u0103 g\u0103urirea pentru sticl\u0103 folosind utilaje coordonate prin comand\u0103&#8230;<\/p>\n","protected":false},"author":1,"featured_media":0,"parent":647,"menu_order":3,"comment_status":"closed","ping_status":"closed","template":"template-fullwidth.php","meta":{"ngg_post_thumbnail":0},"_links":{"self":[{"href":"https:\/\/glasswerk.ro\/index.php\/wp-json\/wp\/v2\/pages\/661"}],"collection":[{"href":"https:\/\/glasswerk.ro\/index.php\/wp-json\/wp\/v2\/pages"}],"about":[{"href":"https:\/\/glasswerk.ro\/index.php\/wp-json\/wp\/v2\/types\/page"}],"author":[{"embeddable":true,"href":"https:\/\/glasswerk.ro\/index.php\/wp-json\/wp\/v2\/users\/1"}],"replies":[{"embeddable":true,"href":"https:\/\/glasswerk.ro\/index.php\/wp-json\/wp\/v2\/comments?post=661"}],"version-history":[{"count":74,"href":"https:\/\/glasswerk.ro\/index.php\/wp-json\/wp\/v2\/pages\/661\/revisions"}],"predecessor-version":[{"id":1505,"href":"https:\/\/glasswerk.ro\/index.php\/wp-json\/wp\/v2\/pages\/661\/revisions\/1505"}],"up":[{"embeddable":true,"href":"https:\/\/glasswerk.ro\/index.php\/wp-json\/wp\/v2\/pages\/647"}],"wp:attachment":[{"href":"https:\/\/glasswerk.ro\/index.php\/wp-json\/wp\/v2\/media?parent=661"}],"curies":[{"name":"wp","href":"https:\/\/api.w.org\/{rel}","templated":true}]}}