{"id":602,"date":"2018-07-20T12:11:03","date_gmt":"2018-07-20T12:11:03","guid":{"rendered":"http:\/\/glasswerk.ro\/index.php\/galerie-2\/placari-cu-sticla-colorata\/"},"modified":"2018-07-20T12:21:31","modified_gmt":"2018-07-20T12:21:31","slug":"placari-cu-sticla-colorata","status":"publish","type":"page","link":"https:\/\/glasswerk.ro\/index.php\/galerie-2\/placari-cu-sticla-colorata\/","title":{"rendered":"Plac\u0103ri cu sticl\u0103 colorat\u0103"},"content":{"rendered":"ngg_shortcode_0_placeholder\n<h3>Related Images:<\/h3>","protected":false},"excerpt":{"rendered":"<p>Related Images:<\/p>\n","protected":false},"author":1,"featured_media":0,"parent":241,"menu_order":0,"comment_status":"closed","ping_status":"closed","template":"template-fullwidth.php","meta":{"ngg_post_thumbnail":0},"_links":{"self":[{"href":"https:\/\/glasswerk.ro\/index.php\/wp-json\/wp\/v2\/pages\/602"}],"collection":[{"href":"https:\/\/glasswerk.ro\/index.php\/wp-json\/wp\/v2\/pages"}],"about":[{"href":"https:\/\/glasswerk.ro\/index.php\/wp-json\/wp\/v2\/types\/page"}],"author":[{"embeddable":true,"href":"https:\/\/glasswerk.ro\/index.php\/wp-json\/wp\/v2\/users\/1"}],"replies":[{"embeddable":true,"href":"https:\/\/glasswerk.ro\/index.php\/wp-json\/wp\/v2\/comments?post=602"}],"version-history":[{"count":1,"href":"https:\/\/glasswerk.ro\/index.php\/wp-json\/wp\/v2\/pages\/602\/revisions"}],"predecessor-version":[{"id":603,"href":"https:\/\/glasswerk.ro\/index.php\/wp-json\/wp\/v2\/pages\/602\/revisions\/603"}],"up":[{"embeddable":true,"href":"https:\/\/glasswerk.ro\/index.php\/wp-json\/wp\/v2\/pages\/241"}],"wp:attachment":[{"href":"https:\/\/glasswerk.ro\/index.php\/wp-json\/wp\/v2\/media?parent=602"}],"curies":[{"name":"wp","href":"https:\/\/api.w.org\/{rel}","templated":true}]}}